{"id":334,"date":"2015-10-09T10:56:44","date_gmt":"2015-10-09T10:56:44","guid":{"rendered":"http:\/\/structure.thememove.com\/01\/?page_id=334"},"modified":"2015-10-30T11:39:19","modified_gmt":"2015-10-30T10:39:19","slug":"upravljanje-energijom","status":"publish","type":"page","link":"https:\/\/www.mepro.hr\/index.php\/usluge\/upravljanje-energijom\/","title":{"rendered":"Upravljanje energijom"},"content":{"rendered":"<p>[vc_row][vc_column][vc_column_text]<\/p>\n<blockquote><p>[\/vc_column_text][\/vc_column][\/vc_row][vc_row css=&#8221;.vc_custom_1433128525365{margin-top: 0px !important;margin-bottom: 40px !important;}&#8221;][vc_column][vc_custom_heading text=&#8221;Osiguranje energetske u\u010dinkovitosti&#8221; font_container=&#8221;tag:h2|font_size:20|text_align:left&#8221; el_class=&#8221;heading-title-3&#8243;][vc_column_text]Liberalizacijom energetskog tr\u017ei\u0161ta u Europi, razvojem tehnologija vezanih uz obnovljive izvore energije i ubrzanim dono\u0161enjem zakonske regulative koja prati ovo podru\u010dje, otvorene su mogu\u0107nosti za pojedince i subjekte u primjeni ovih znanja. Ono je danas komercijalno dostupno, a pretpostavlja nove mogu\u0107nosti za korisnike energije i eksperte, kompanije koji se bave uslugama u energetici. Mepro s misijom inovatora i regionalnog nositelja za pitanja usluga vezanih uz energetsku odr\u017eivost pomo\u0107i \u0107e vam odgovoriti na pitanje u\u010dinkovitosti i efektivnosti.[\/vc_column_text][\/vc_column][\/vc_row][vc_row css=&#8221;.vc_custom_1433128537128{margin-bottom: 50px !important;}&#8221;][vc_column width=&#8221;1\/2&#8243;][vc_custom_heading text=&#8221;U\u010dinkovitost&#8221; font_container=&#8221;tag:h2|font_size:20|text_align:left&#8221; el_class=&#8221;heading-title-3&#8243;][vc_column_text]<a href=\"http:\/\/www.mepro.hr\/wp-content\/uploads\/2015\/10\/energija-mepro.jpg\"><img loading=\"lazy\" decoding=\"async\" class=\"alignnone size-medium wp-image-74890\" src=\"http:\/\/www.mepro.hr\/wp-content\/uploads\/2015\/10\/energija-mepro-300x210.jpg\" alt=\"Energija - Mepro energetska rje\u0161enja\" width=\"300\" height=\"210\" srcset=\"https:\/\/www.mepro.hr\/wp-content\/uploads\/2015\/10\/energija-mepro-300x210.jpg 300w, https:\/\/www.mepro.hr\/wp-content\/uploads\/2015\/10\/energija-mepro.jpg 415w\" sizes=\"auto, (max-width: 300px) 100vw, 300px\" \/><\/a>[\/vc_column_text][vc_column_text]Sukladno va\u0161im potrebama, odre\u0111ujemo koje su to aktivnosti, koja tehnologija optimalno iskori\u0161tava Va\u0161e postoje\u0107e mogu\u0107nosti ili stvara nove, uz maksimizaciju u\u0161teda i jasno iskazan period povrat investicije prije bilo kakve intervencije. MEPRO \u0107e vam dati idejno rje\u0161enje sustava koji \u0107e na najracionalniji mogu\u0107i na\u010din osigurati zadovoljenje energetskih potreba i za vas izvesti takav projekt po sistemu klju\u010d-u-ruke.[\/vc_column_text][\/vc_column][vc_column width=&#8221;1\/2&#8243;][vc_custom_heading text=&#8221;Efektivnost&#8221; font_container=&#8221;tag:h2|font_size:20|text_align:left&#8221; el_class=&#8221;heading-title-3&#8243;][vc_column_text]<a href=\"http:\/\/www.mepro.hr\/wp-content\/uploads\/2015\/10\/energija-mepro-5.jpg\"><img loading=\"lazy\" decoding=\"async\" class=\"alignnone size-medium wp-image-74891\" src=\"http:\/\/www.mepro.hr\/wp-content\/uploads\/2015\/10\/energija-mepro-5-300x210.jpg\" alt=\"Mepro energetska u\u010dinkovitost\" width=\"300\" height=\"210\" srcset=\"https:\/\/www.mepro.hr\/wp-content\/uploads\/2015\/10\/energija-mepro-5-300x210.jpg 300w, https:\/\/www.mepro.hr\/wp-content\/uploads\/2015\/10\/energija-mepro-5.jpg 415w\" sizes=\"auto, (max-width: 300px) 100vw, 300px\" \/><\/a>[\/vc_column_text][vc_column_text]Energetska odr\u017eivost vezana je uz oblik i opseg prate\u0107ih usluga koje najekonomi\u010dnije koristite predlo\u017eeni energetski sustav. U fokusu je sveobuhvatno i cjelovito tehni\u010dko-tehnolo\u0161ko i financijsko rje\u0161enje energetskog sustava, bazirano na vrijednosti za klijenta.[\/vc_column_text][vc_empty_space height=&#8221;20&#8243;][\/vc_column][\/vc_row][vc_row css=&#8221;.vc_custom_1433128547929{margin-bottom: 50px !important;}&#8221;][vc_column width=&#8221;1\/2&#8243;][vc_custom_heading text=&#8221;OBNOVLJIVI IZVORI ENERGIJE I NOVE TEHNOLOGIJE &#8221; font_container=&#8221;tag:h2|font_size:20|text_align:left&#8221; el_class=&#8221;heading-title-3&#8243;][vc_column_text]U dana\u0161nje vrijeme rastu\u0107ih tro\u0161kova grijanja konvencionalnim sustavima (prirodni plin, ukapljeni naftni plin, mazut, elektrootporno grijanje, centralizirani toplinski sustavi) i svjesnosti o o\u010duvanju okoli\u0161a, ELKOM je prepoznao trend globalnog rasta primjene obnovljivih izvora energije u ukupnoj energetskoj potro\u0161nji. Danas smo u mogu\u0107nosti uspje\u0161no projektirati i izvoditi sustave koji iskori\u0161tavaju: &#8211; geotermalnu energiju &#8211; solarnu energiju &#8211; hibridne sustave obnovljivih izvora energije i konvencionalnih sustava &#8211; kogeneracije i trigeneracije.<\/p>\n<p>Neovisno o veli\u010dini i namjeni razmatranog objekta; obiteljske ku\u0107e, hotela, poslovne zgrade ili velikih industrijskih objekata, tim stru\u010dnjaka \u0107e za vas izvr\u0161iti projektni zadatak i ponuditi vam energetski u\u010dinkovito rje\u0161enje, neovisno radi li se o novoj gra\u0111evini ili retrofit sustavu.<\/p>\n<p>Oprema koju ugra\u0111ujemo u procesu aplikacije predstavlja neka od najboljih rje\u0161enja u ovoj industriji, dok s pojedinim svjetskim proizvo\u0111a\u010dima opreme imamo i posebno regulirane odnose (npr. WaterFurnace USA, Clivet Italija). U mogu\u0107nosti smo za na\u0161e projekte nabavljati visokoprilago\u0111enu opremu sukladno posebnim \u017eeljama korisnika, odnosno prema zahtjevima projekta, opremu koju predmetni proizvo\u0111a\u010di za nas mogu\u0107e proizvode sukladno na\u0161oj specifikaciji.<\/p>\n<p>Naposlijetku, naglasili bismo da geotermalne dizalice topline koje koriste sustav voda-voda i zemlja-voda, u kombinaciji sa solarnim panelima, danas predstavljaju naju\u010dinkovitije sustave grijanja i hla\u0111enja. U usporedbi s konvencionalnim grijanjem i hla\u0111enjem nude u\u0161tede i preko 50% na godi\u0161njoj bazi.[\/vc_column_text][\/vc_column][vc_column width=&#8221;1\/2&#8243;][vc_images_carousel images=&#8221;74893,74892,74894&#8243; img_size=&#8221;415&#215;290&#8243; onclick=&#8221;link_no&#8221; autoplay=&#8221;yes&#8221; hide_prev_next_buttons=&#8221;yes&#8221; el_class=&#8221;images-carousel-2&#8243;][vc_empty_space height=&#8221;25&#8243;][vc_empty_space height=&#8221;10&#8243;][vc_custom_heading text=&#8221;USLUGE U ENERGETICI &#8221; font_container=&#8221;tag:h2|font_size:20|text_align:left&#8221; el_class=&#8221;heading-title-3&#8243;][vc_column_text]Posljednjih godina tr\u017ei\u0161te sustava baziranih na obnovljivim izvorima energije drasti\u010dno se mijenja. Imaju\u0107i na umu ostvarenje u\u0161teda, korisnicima u zadovoljenju njihovih energetskih potreba danas vi\u0161e nije dovoljno samo nuditi suvremene i zanimljive tehnologije. Potrebno je osigurati i ekonomi\u010dnost, istinski kompletnu uslugu \u2013 cjelovito upravljanje energetskim potrebama sa uklju\u010denim prate\u0107im uslugama i financijskim paketima. To je klju\u010dno \u0161to nas diferencira na tr\u017ei\u0161tu.<\/p>\n<p>U segmentu usluga u energetici, MEPRO razvija inovativne modele upravljanja energetskim potrebama i otvara mogu\u0107nosti vi\u0161egodi\u0161njih ugovora vezanih uz to. Rije\u010d je o korisni\u010dki-orjentiranim i fleksibilnim modelima financijskog upravljanja i klijentu prilago\u0111enih rje\u0161enja. U fokusu je korisnik i tra\u017ei se za njega najpovoljnije i najprakti\u010dnije rje\u0161enje.[\/vc_column_text][\/vc_column][\/vc_row][vc_row css=&#8221;.vc_custom_1433128555329{margin-bottom: 50px !important;}&#8221;][vc_column][vc_images_carousel images=&#8221;74836,74838,74725&#8243; img_size=&#8221;870&#215;460&#8243; onclick=&#8221;link_no&#8221; autoplay=&#8221;yes&#8221; hide_prev_next_buttons=&#8221;yes&#8221; el_class=&#8221;images-carousel-2&#8243;][\/vc_column][\/vc_row][vc_row el_class=&#8221;big-quote-2&#8243;][vc_column][vc_column_text]<em>Problem upravljanja kvalitetom ne proizlazi iz onoga \u0161to ljudi ne znaju, ve\u0107 iz onoga \u0161to misle da znaju.<\/em><br \/>\nPhilip B. Crosby[\/vc_column_text][\/vc_column][\/vc_row][vc_row css=&#8221;.vc_custom_1433128571469{margin-top: 50px !important;margin-bottom: 40px !important;}&#8221;][vc_column][vc_custom_heading text=&#8221;Uspjeh na projektu Mepro osigurava sa:&#8221; font_container=&#8221;tag:h2|font_size:20|text_align:left&#8221; el_class=&#8221;heading-title-3&#8243;][vc_accordion][vc_accordion_tab title=&#8221;Stru\u010dnost i u\u010dinkovitost zaposlenika na prokjektu&#8221;][vc_column_text]Ba\u0161 kao i u svakom drugom dijelu MEPRO-a, klju\u010d uspjeha le\u017ei prije svega u ljudskim resursima i na\u0161em partnerskom pristupu. Stru\u010dan in\u017eenjerski tim, administrativna uredska podr\u0161ka sa upravom i\u00a0visoko motiviranim iskusnim zaposlenicima na gradili\u0161tu, zajedni\u010dkim radom i predano\u0161\u0107u osiguravaju kvalitetu te isporuku svih usluga u zadanim rokovima.[\/vc_column_text][\/vc_accordion_tab][vc_accordion_tab title=&#8221;Vrijednosni in\u017eenjering&#8221;][vc_column_text]<\/p>\n<div id=\"ui-id-4\" class=\"wpb_accordion_content ui-accordion-content vc_clearfix ui-helper-reset ui-widget-content ui-corner-bottom ui-accordion-content-active\">\n<div class=\"wpb_text_column wpb_content_element \">\n<div class=\"wpb_wrapper\">\n<p>Benefiti koji se posti\u017eu pomo\u0107u vrijednosne metodologije odnosno provo\u0111enjem vrijdnosnog in\u017eenjeringa daleko nadma\u0161uju ulo\u017eeno. Smanjenjem vremena i tro\u0161kova, a pove\u0107anjem kvalitete, pridonose korporativnom uspjehu i vrijednosti poreznog obveznika.<\/p>\n<p>Vrijednosna Metodologija (VM) je sustavan i strukturiran pristup za pobolj\u0161anje projekata, proizvoda i procesa. VM, koji je tako\u0111er poznat kao vrijednosni in\u017eenjering, koristi se za analizu i pobolj\u0161anje instalaterskih procesa, projektiranja i upravljanja MEPRO HVAC &amp; Elektro projekta te poslovnih i administrativnih procesa.<\/p>\n<\/div>\n<\/div>\n<\/div>\n<p>[\/vc_column_text][\/vc_accordion_tab][vc_accordion_tab title=&#8221;Inspekcije i za\u0161tita na radu&#8221;][vc_column_text]Redovitim inspekcijama, MEPRO osigurava sigurnost gradili\u0161ta. Mjere za\u0161tite na radu u MEPRU provode rukovode\u0107e osobe i svaki zaposlenik u svom djelokrugu rada.<\/p>\n<p>Shodno tome svi rukovode\u0107i i izvr\u0161ni zaposlenici koji samostalno obavljaju radne zada\u0107e osposobljeni su za rad na siguran na\u010din.<\/p>\n<p>Na taj na\u010din MEPRO smanjenjuje broj nezgoda, profesionalnih bolesti i materijalnih gubitaka nastalih zbog zastoja u radu.[\/vc_column_text][\/vc_accordion_tab][vc_accordion_tab title=&#8221;Upravljanje projektom i vremensko planiranje&#8221;][vc_column_text]<\/p>\n<div id=\"ui-id-8\" class=\"wpb_accordion_content ui-accordion-content vc_clearfix ui-helper-reset ui-widget-content ui-corner-bottom ui-accordion-content-active\">\n<div class=\"wpb_text_column wpb_content_element \">\n<div class=\"wpb_wrapper\">\n<p>Planiranje i upravljanje za cilj imaju predvidjeti budu\u0107nost, a pritom se u obzir moraju uzeti brojne neizvjesnosti i pretpostavke. Kao rezultat toga, mnogi ljudi vjeruju da je dobar projektni plan ili raspored vi\u0161e umjetnost nego znanost.<\/p>\n<p>Stekli smo zavidnu reputaciju za visoku kvalitetu izvedenih radova i in\u017eenjering poslova, a na\u0161e iskustvo u upravljanju projektima koje smo stekli tijekom dugog niza godina u bran\u0161i, stoji Vam na raspolaganju.<\/p>\n<\/div>\n<\/div>\n<\/div>\n<p>[\/vc_column_text][\/vc_accordion_tab][\/vc_accordion][\/vc_column][\/vc_row][vc_row background_color=&#8221;#b71d1d&#8221; el_class=&#8221;intro5&#8243;][vc_column width=&#8221;3\/4&#8243;][vc_custom_heading text=&#8221;Tra\u017eite rje\u0161enje za energetsku u\u010dinkovitost na Va\u0161em projektu?&#8221; font_container=&#8221;tag:h2|font_size:20|text_align:left|color:%23ffffff&#8221;][\/vc_column][vc_column width=&#8221;1\/4&#8243;][vc_btn title=&#8221;ZATRA\u017dITE PONUDU&#8221; style=&#8221;custom&#8221; custom_text=&#8221;#ffffff&#8221;][\/vc_column][\/vc_row][vc_row][vc_column][vc_column_text]<\/p><\/blockquote>\n<p>[\/vc_column_text][\/vc_column][\/vc_row]<\/p>\n","protected":false},"excerpt":{"rendered":"<p>[vc_row][vc_column][vc_column_text] [\/vc_column_text][\/vc_column][\/vc_row][vc_row css=&#8221;.vc_custom_1433128525365{margin-top: 0px !important;margin-bottom: 40px !important;}&#8221;][vc_column][vc_custom_heading text=&#8221;Osiguranje energetske u\u010dinkovitosti&#8221; font_container=&#8221;tag:h2|font_size:20|text_align:left&#8221; el_class=&#8221;heading-title-3&#8243;][vc_column_text]Liberalizacijom energetskog tr\u017ei\u0161ta u Europi, razvojem tehnologija vezanih uz obnovljive izvore energije i ubrzanim dono\u0161enjem zakonske regulative koja prati ovo podru\u010dje, otvorene su mogu\u0107nosti za pojedince i subjekte u primjeni ovih znanja. Ono je danas komercijalno dostupno, a pretpostavlja nove mogu\u0107nosti za korisnike energije [&hellip;]<\/p>\n","protected":false},"author":1,"featured_media":0,"parent":59,"menu_order":0,"comment_status":"closed","ping_status":"closed","template":"","meta":{"footnotes":""},"class_list":["post-334","page","type-page","status-publish","hentry"],"_links":{"self":[{"href":"https:\/\/www.mepro.hr\/index.php\/wp-json\/wp\/v2\/pages\/334","targetHints":{"allow":["GET"]}}],"collection":[{"href":"https:\/\/www.mepro.hr\/index.php\/wp-json\/wp\/v2\/pages"}],"about":[{"href":"https:\/\/www.mepro.hr\/index.php\/wp-json\/wp\/v2\/types\/page"}],"author":[{"embeddable":true,"href":"https:\/\/www.mepro.hr\/index.php\/wp-json\/wp\/v2\/users\/1"}],"replies":[{"embeddable":true,"href":"https:\/\/www.mepro.hr\/index.php\/wp-json\/wp\/v2\/comments?post=334"}],"version-history":[{"count":8,"href":"https:\/\/www.mepro.hr\/index.php\/wp-json\/wp\/v2\/pages\/334\/revisions"}],"predecessor-version":[{"id":74939,"href":"https:\/\/www.mepro.hr\/index.php\/wp-json\/wp\/v2\/pages\/334\/revisions\/74939"}],"up":[{"embeddable":true,"href":"https:\/\/www.mepro.hr\/index.php\/wp-json\/wp\/v2\/pages\/59"}],"wp:attachment":[{"href":"https:\/\/www.mepro.hr\/index.php\/wp-json\/wp\/v2\/media?parent=334"}],"curies":[{"name":"wp","href":"https:\/\/api.w.org\/{rel}","templated":true}]}}