{"id":336,"date":"2015-10-10T02:44:54","date_gmt":"2015-10-10T02:44:54","guid":{"rendered":"http:\/\/structure.thememove.com\/01\/?page_id=336"},"modified":"2015-10-31T00:35:44","modified_gmt":"2015-10-30T23:35:44","slug":"elektro-instalacije","status":"publish","type":"page","link":"https:\/\/www.mepro.hr\/index.php\/usluge\/elektro-instalacije\/","title":{"rendered":"ELEKTROinstalacije"},"content":{"rendered":"<p>[vc_row css=&#8221;.vc_custom_1433128678982{margin-bottom: 50px !important;}&#8221;][vc_column width=&#8221;1\/2&#8243;][vc_custom_heading text=&#8221;Mepro elektroinstalacije&#8221; font_container=&#8221;tag:h2|font_size:20|text_align:left&#8221; el_class=&#8221;heading-title-3&#8243;][vc_images_carousel images=&#8221;74874,74873,74875&#8243; img_size=&#8221;415&#215;277&#8243; onclick=&#8221;link_no&#8221; speed=&#8221;3500&#8243; autoplay=&#8221;yes&#8221; hide_prev_next_buttons=&#8221;yes&#8221; el_class=&#8221;images-carousel-2&#8243;][vc_empty_space][vc_column_text]Mepro elektroinstalaterske usluge omogu\u0107avaju da objekti rade u\u010dinkovitije, odr\u017eivije i isplativije. Bilo da je to uredski blok, \u0161kola, muzej, ili bolnica, nastojimo isporu\u010diti savr\u0161enu uslugu i odgovorni smo za svaki koraku na putu do cilja.[\/vc_column_text][vc_empty_space][\/vc_column][vc_column width=&#8221;1\/2&#8243;][vc_custom_heading text=&#8221;Ugovorene elektroinstalacije&#8221; font_container=&#8221;tag:h2|font_size:20|text_align:left&#8221; el_class=&#8221;heading-title-3&#8243;][vc_column_text]Mepro izvodi uslugu elektroinstalacija (elektroinstalaterski radovi) prati Va\u0161u investiciju kroz cijeli proces nastajanja, od projektiranja do zavr\u0161nih radova.<\/p>\n<p>Na\u0161 tim elektroinstalatera predvo\u0111en je vrhunskim i iskusnim in\u017eenjerima.<\/p>\n<p>Mepro je opremljen svim potrebnim strojevima, alatima, tehni\u010dkom podr\u0161kom te voznim parkom za uspje\u0161no izvo\u0111enje elektroinstalacija na podru\u010dju EU.[\/vc_column_text][vc_empty_space height=&#8221;20&#8243;][\/vc_column][\/vc_row]<\/p>\n","protected":false},"excerpt":{"rendered":"<p>[vc_row css=&#8221;.vc_custom_1433128678982{margin-bottom: 50px !important;}&#8221;][vc_column width=&#8221;1\/2&#8243;][vc_custom_heading text=&#8221;Mepro elektroinstalacije&#8221; font_container=&#8221;tag:h2|font_size:20|text_align:left&#8221; el_class=&#8221;heading-title-3&#8243;][vc_images_carousel images=&#8221;74874,74873,74875&#8243; img_size=&#8221;415&#215;277&#8243; onclick=&#8221;link_no&#8221; speed=&#8221;3500&#8243; autoplay=&#8221;yes&#8221; hide_prev_next_buttons=&#8221;yes&#8221; el_class=&#8221;images-carousel-2&#8243;][vc_empty_space][vc_column_text]Mepro elektroinstalaterske usluge omogu\u0107avaju da objekti rade u\u010dinkovitije, odr\u017eivije i isplativije. Bilo da je to uredski blok, \u0161kola, muzej, ili bolnica, nastojimo isporu\u010diti savr\u0161enu uslugu i odgovorni smo za svaki koraku na putu do cilja.[\/vc_column_text][vc_empty_space][\/vc_column][vc_column width=&#8221;1\/2&#8243;][vc_custom_heading text=&#8221;Ugovorene elektroinstalacije&#8221; font_container=&#8221;tag:h2|font_size:20|text_align:left&#8221; el_class=&#8221;heading-title-3&#8243;][vc_column_text]Mepro [&hellip;]<\/p>\n","protected":false},"author":1,"featured_media":0,"parent":59,"menu_order":0,"comment_status":"closed","ping_status":"closed","template":"","meta":{"footnotes":""},"class_list":["post-336","page","type-page","status-publish","hentry"],"_links":{"self":[{"href":"https:\/\/www.mepro.hr\/index.php\/wp-json\/wp\/v2\/pages\/336","targetHints":{"allow":["GET"]}}],"collection":[{"href":"https:\/\/www.mepro.hr\/index.php\/wp-json\/wp\/v2\/pages"}],"about":[{"href":"https:\/\/www.mepro.hr\/index.php\/wp-json\/wp\/v2\/types\/page"}],"author":[{"embeddable":true,"href":"https:\/\/www.mepro.hr\/index.php\/wp-json\/wp\/v2\/users\/1"}],"replies":[{"embeddable":true,"href":"https:\/\/www.mepro.hr\/index.php\/wp-json\/wp\/v2\/comments?post=336"}],"version-history":[{"count":9,"href":"https:\/\/www.mepro.hr\/index.php\/wp-json\/wp\/v2\/pages\/336\/revisions"}],"predecessor-version":[{"id":74975,"href":"https:\/\/www.mepro.hr\/index.php\/wp-json\/wp\/v2\/pages\/336\/revisions\/74975"}],"up":[{"embeddable":true,"href":"https:\/\/www.mepro.hr\/index.php\/wp-json\/wp\/v2\/pages\/59"}],"wp:attachment":[{"href":"https:\/\/www.mepro.hr\/index.php\/wp-json\/wp\/v2\/media?parent=336"}],"curies":[{"name":"wp","href":"https:\/\/api.w.org\/{rel}","templated":true}]}}