{"id":338,"date":"2015-10-10T02:45:13","date_gmt":"2015-10-10T02:45:13","guid":{"rendered":"http:\/\/structure.thememove.com\/01\/?page_id=338"},"modified":"2015-11-02T17:56:54","modified_gmt":"2015-11-02T16:56:54","slug":"odrzavanje-i-servis","status":"publish","type":"page","link":"https:\/\/www.mepro.hr\/index.php\/usluge\/odrzavanje-i-servis\/","title":{"rendered":"Odr\u017eavanje i servis"},"content":{"rendered":"<p>[vc_row css=&#8221;.vc_custom_1433128525365{margin-top: 0px !important;margin-bottom: 40px !important;}&#8221;][vc_column][vc_custom_heading text=&#8221;Tehni\u010dko odr\u017eavanje &#8211; MEPRO Facility Management&#8221; font_container=&#8221;tag:h2|font_size:20|text_align:left&#8221; use_theme_fonts=&#8221;yes&#8221; el_class=&#8221;heading-title-3&#8243;][\/vc_column][vc_column][vc_column_text]MEPRO FM &#8211; Idealan partner za tehni\u010dko odr\u017eavanje i upravljanje komercijalnim ili institucionalnim objektima \/ nekretninama.[\/vc_column_text][\/vc_column][vc_column width=&#8221;1\/2&#8243;][vc_empty_space][vc_images_carousel images=&#8221;74911,74915,74916&#8243; img_size=&#8221;415&#215;290&#8243; onclick=&#8221;link_no&#8221; speed=&#8221;3000&#8243; autoplay=&#8221;yes&#8221; hide_prev_next_buttons=&#8221;yes&#8221; wrap=&#8221;yes&#8221; el_class=&#8221;images-carousel-2&#8243;][vc_empty_space][vc_column_text]Korisnici MEPRO FM-a: trgova\u010dki centri, bolnice, hoteli, uredski kompleksi, \u0161kole, konvencionalni centri, itd..[\/vc_column_text][\/vc_column][vc_column width=&#8221;1\/2&#8243;][vc_empty_space][vc_custom_heading text=&#8221;Usluge odr\u017eavanja &#8211; MEPRO FM&#8221; font_container=&#8221;tag:h3|font_size:16|text_align:left&#8221; el_class=&#8221;heading-title-3&#8243;][vc_column_text]<\/p>\n<ul class=\"listing\">\n<li><i class=\"fa fa-check\"><\/i>Preventivno i interventno odr\u017eavanje elektro-tehnickih i strojarskih sustava<\/li>\n<li><i class=\"fa fa-check\"><\/i>Specijalizirana odr\u017eavanje i popravak protupo\u017earnih sustava<\/li>\n<li><i class=\"fa fa-check\"><\/i>Specijalizirana odr\u017eavanje i popravak sustava grijanja, hla\u0111enja, klimatizacije i ventilacije<\/li>\n<li><i class=\"fa fa-check\"><\/i>Preventivno i interventno odr\u017eavanje zgrada<\/li>\n<li><i class=\"fa fa-check\"><\/i>Ostale usluge odr\u017eavanja i upravljanja nekretninama<\/li>\n<\/ul>\n<p>[\/vc_column_text][vc_empty_space height=&#8221;20&#8243;][\/vc_column][\/vc_row][vc_row css=&#8221;.vc_custom_1433128537128{margin-bottom: 50px !important;}&#8221;][vc_column width=&#8221;1\/2&#8243;][\/vc_column][vc_column width=&#8221;1\/2&#8243;][\/vc_column][\/vc_row][vc_row background_color=&#8221;#b71d1d&#8221; el_class=&#8221;intro5&#8243;][vc_column width=&#8221;3\/4&#8243;][vc_custom_heading text=&#8221;Tra\u017eite rje\u0161enje za odr\u017eavanje i servis za Va\u0161u nekretninu?&#8221; font_container=&#8221;tag:h2|font_size:20|text_align:left|color:%23ffffff&#8221; use_theme_fonts=&#8221;yes&#8221;][\/vc_column][vc_column width=&#8221;1\/4&#8243;][vc_btn title=&#8221;ZATRA\u017dITE PONUDU&#8221; style=&#8221;custom&#8221; custom_text=&#8221;#ffffff&#8221; link=&#8221;url:http%3A%2F%2Fmepro.hr%2Findex.php%2Fmepro-naslovna%2Fzatrazi_ponudu%2F||&#8221;][\/vc_column][\/vc_row]<\/p>\n","protected":false},"excerpt":{"rendered":"<p>[vc_row css=&#8221;.vc_custom_1433128525365{margin-top: 0px !important;margin-bottom: 40px !important;}&#8221;][vc_column][vc_custom_heading text=&#8221;Tehni\u010dko odr\u017eavanje &#8211; MEPRO Facility Management&#8221; font_container=&#8221;tag:h2|font_size:20|text_align:left&#8221; use_theme_fonts=&#8221;yes&#8221; el_class=&#8221;heading-title-3&#8243;][\/vc_column][vc_column][vc_column_text]MEPRO FM &#8211; Idealan partner za tehni\u010dko odr\u017eavanje i upravljanje komercijalnim ili institucionalnim objektima \/ nekretninama.[\/vc_column_text][\/vc_column][vc_column width=&#8221;1\/2&#8243;][vc_empty_space][vc_images_carousel images=&#8221;74911,74915,74916&#8243; img_size=&#8221;415&#215;290&#8243; onclick=&#8221;link_no&#8221; speed=&#8221;3000&#8243; autoplay=&#8221;yes&#8221; hide_prev_next_buttons=&#8221;yes&#8221; wrap=&#8221;yes&#8221; el_class=&#8221;images-carousel-2&#8243;][vc_empty_space][vc_column_text]Korisnici MEPRO FM-a: trgova\u010dki centri, bolnice, hoteli, uredski kompleksi, \u0161kole, konvencionalni centri, itd..[\/vc_column_text][\/vc_column][vc_column width=&#8221;1\/2&#8243;][vc_empty_space][vc_custom_heading text=&#8221;Usluge odr\u017eavanja &#8211; [&hellip;]<\/p>\n","protected":false},"author":1,"featured_media":0,"parent":59,"menu_order":0,"comment_status":"closed","ping_status":"closed","template":"","meta":{"footnotes":""},"class_list":["post-338","page","type-page","status-publish","hentry"],"_links":{"self":[{"href":"https:\/\/www.mepro.hr\/index.php\/wp-json\/wp\/v2\/pages\/338","targetHints":{"allow":["GET"]}}],"collection":[{"href":"https:\/\/www.mepro.hr\/index.php\/wp-json\/wp\/v2\/pages"}],"about":[{"href":"https:\/\/www.mepro.hr\/index.php\/wp-json\/wp\/v2\/types\/page"}],"author":[{"embeddable":true,"href":"https:\/\/www.mepro.hr\/index.php\/wp-json\/wp\/v2\/users\/1"}],"replies":[{"embeddable":true,"href":"https:\/\/www.mepro.hr\/index.php\/wp-json\/wp\/v2\/comments?post=338"}],"version-history":[{"count":17,"href":"https:\/\/www.mepro.hr\/index.php\/wp-json\/wp\/v2\/pages\/338\/revisions"}],"predecessor-version":[{"id":75013,"href":"https:\/\/www.mepro.hr\/index.php\/wp-json\/wp\/v2\/pages\/338\/revisions\/75013"}],"up":[{"embeddable":true,"href":"https:\/\/www.mepro.hr\/index.php\/wp-json\/wp\/v2\/pages\/59"}],"wp:attachment":[{"href":"https:\/\/www.mepro.hr\/index.php\/wp-json\/wp\/v2\/media?parent=338"}],"curies":[{"name":"wp","href":"https:\/\/api.w.org\/{rel}","templated":true}]}}