{"id":342,"date":"2015-10-10T02:45:48","date_gmt":"2015-10-10T02:45:48","guid":{"rendered":"http:\/\/structure.thememove.com\/01\/?page_id=342"},"modified":"2015-10-29T10:19:12","modified_gmt":"2015-10-29T09:19:12","slug":"hvac-instalacije","status":"publish","type":"page","link":"https:\/\/www.mepro.hr\/index.php\/usluge\/hvac-instalacije\/","title":{"rendered":"HVAC instalacije"},"content":{"rendered":"<p>[vc_row css=&#8221;.vc_custom_1433128525365{margin-top: 0px !important;margin-bottom: 40px !important;}&#8221;][vc_column][vc_separator][\/vc_column][\/vc_row][vc_row css=&#8221;.vc_custom_1433128537128{margin-bottom: 50px !important;}&#8221;][vc_column width=&#8221;1\/2&#8243;][vc_images_carousel images=&#8221;74828,74829,74830&#8243; img_size=&#8221;415&#215;277&#8243; onclick=&#8221;link_no&#8221; speed=&#8221;3500&#8243; autoplay=&#8221;yes&#8221; hide_prev_next_buttons=&#8221;yes&#8221; el_class=&#8221;images-carousel-2&#8243;][vc_empty_space][vc_column_text]Kao glavni izvo\u0111a\u010d, najprije s na\u0161im klijentima stvaramo najvi\u0161u razinu povjerenja i integriteta.[\/vc_column_text][vc_empty_space][\/vc_column][vc_column width=&#8221;1\/2&#8243;][vc_custom_heading text=&#8221;U\u010dinkoviti MEPRO HVAC sistemi &#8221; font_container=&#8221;tag:h2|font_size:20|text_align:left&#8221; use_theme_fonts=&#8221;yes&#8221; el_class=&#8221;heading-title-3&#8243;][vc_column_text]HVAC &#8211; <strong>H<\/strong>eating, <strong>V<\/strong>entilating, and <strong>A<\/strong>ir <strong>C<\/strong>onditioning \/ grijanje, ventilacija i klimatizacija.<\/p>\n<p>MEPRO na tr\u017ei\u0161tu nudi projektiranje, izvo\u0111enje i odr\u017eavanje instalacija grijanja, ventilacije i klimatizacije. Te t<span id=\"result_box\" class=\"\" lang=\"hr\"><span class=\"hps\">ri <\/span><span class=\"hps\">sredi\u0161nje<\/span> <span class=\"hps\">funkcije<\/span><span class=\"hps\"> me\u0111usobno su povezane<\/span><span class=\"hps\"> sa<\/span> <span class=\"hps\">potrebom<\/span> <span class=\"hps\">pru\u017eanja<\/span> <span class=\"hps\">toplinske<\/span> <span class=\"hps\">udobnosti i<\/span> <span class=\"hps\">prihvatljive<\/span> <span class=\"hps\">kvalitete zraka<\/span> <span class=\"hps\">u razumnim<\/span> <span class=\"hps\">tro\u0161kovima<\/span> <span class=\"hps\">instalacija<\/span><span class=\"\">,<\/span> <span class=\"hps\">rada<\/span> <span class=\"hps\">i<\/span> <span class=\"hps\">odr\u017eavanja<\/span>. <span class=\"hps\">HVAC tehnologija <\/span>danas je prisutna u\u00a0svakom objektu i uklju\u010duju\u0107je projektiranje sustava, izgradnju, nabavu opreme, izvo\u0111enje radova i odr\u017eavanje sistema.<\/span>[\/vc_column_text][vc_empty_space height=&#8221;20&#8243;][\/vc_column][\/vc_row][vc_row css=&#8221;.vc_custom_1433128547929{margin-bottom: 50px !important;}&#8221;][vc_column width=&#8221;1\/2&#8243;][vc_custom_heading text=&#8221;PRED KONSTRUKCIJSKE USLUGE&#8221; font_container=&#8221;tag:h2|font_size:20|text_align:left&#8221; el_class=&#8221;heading-title-3&#8243;][vc_column_text]Detaljno pred-konstrukcijsko planiranje klju\u010dno je za uspje\u0161no izvo\u0111enje HVAC instalacija i isporuku HVAC sustava na vrijeme.<\/p>\n<p>Svako gradili\u0161te je jedinstveno po opsegu, ali poslovni procesi sustavno se primjenjuju u svakom gra\u0111evinskom HVAC projektu.[\/vc_column_text][vc_empty_space][\/vc_column][vc_column width=&#8221;1\/2&#8243;][vc_custom_heading text=&#8221;MEPRO NA GRADILI\u0160TU PLANIRA&#8221; font_container=&#8221;tag:h2|font_size:20|text_align:left&#8221; el_class=&#8221;heading-title-3&#8243;][vc_column_text]<\/p>\n<ul class=\"listing\">\n<li><i class=\"fa fa-check\"><\/i>osigurati sav materijal, radnu snagu, opremu i usluge.<\/li>\n<li><i class=\"fa fa-check\"><\/i>kooperacija s razli\u010ditim trgova\u010dkim i specijalnim izvo\u0111a\u010dima radova.<\/li>\n<li><i class=\"fa fa-check\"><\/i>projektiranje i izrada projektne dokumentacije.<\/li>\n<li><i class=\"fa fa-check\"><\/i>pra\u0107enje rasporeda i nov\u010danog toka.<\/li>\n<li><i class=\"fa fa-check\"><\/i>vo\u0111enje to\u010dne evidencije i dokumentacije.<\/li>\n<li><i class=\"fa fa-check\"><\/i>osiguranje sigurnosti djelatnika i projektnog gradili\u0161ta<\/li>\n<\/ul>\n<p>[\/vc_column_text][vc_empty_space][\/vc_column][\/vc_row][vc_row css=&#8221;.vc_custom_1433128555329{margin-bottom: 50px !important;}&#8221;][vc_column][vc_images_carousel images=&#8221;74836,74837,74838&#8243; img_size=&#8221;870&#215;460&#8243; onclick=&#8221;link_no&#8221; speed=&#8221;3500&#8243; autoplay=&#8221;yes&#8221; hide_prev_next_buttons=&#8221;yes&#8221; el_class=&#8221;images-carousel-2&#8243; title=&#8221;MEPRO HVAC instalacije&#8221;][\/vc_column][\/vc_row][vc_row el_class=&#8221;big-quote-2&#8243;][vc_column][vc_column_text]Sjajne stvari u poslovanju nikada ne radi jedan \u010dovek, nego tim ljudi.[\/vc_column_text][\/vc_column][\/vc_row][vc_row css=&#8221;.vc_custom_1433128571469{margin-top: 50px !important;margin-bottom: 40px !important;}&#8221;][vc_column][vc_custom_heading text=&#8221;\u0160to osigurava uspje\u0161nost projekta&#8221; font_container=&#8221;tag:h2|font_size:20|text_align:left&#8221; el_class=&#8221;heading-title-3&#8243;][vc_accordion][vc_accordion_tab title=&#8221;Stru\u010dnost i u\u010dinkovitost zaposlenika na projektu&#8221;][vc_column_text]Ba\u0161 kao i u svakom drugom dijelu MEPRO-a, klju\u010d uspjeha le\u017ei prije svega u ljudskim resursima i na\u0161em partnerskom pristupu. Stru\u010dan in\u017eenjerski tim, administrativna uredska podr\u0161ka sa upravom i\u00a0visoko motiviranim iskusnim zaposlenicima na gradili\u0161tu, zajedni\u010dkim radom i predano\u0161\u0107u osiguravaju kvalitetu te isporuku svih usluga u zadanim rokovima.[\/vc_column_text][\/vc_accordion_tab][vc_accordion_tab title=&#8221;Izvo\u0111enje vrijednosnog in\u017eenjeringa&#8221;][vc_column_text]Benefiti koji se posti\u017eu pomo\u0107u vrijednosne metodologije odnosno provo\u0111enjem vrijdnosnog in\u017eenjeringa daleko nadma\u0161uju ulo\u017eeno. Smanjenjem vremena i tro\u0161kova, a pove\u0107anjem kvalitete, pridonose korporativnom uspjehu i vrijednosti poreznog obveznika.<\/p>\n<p>Vrijednosna Metodologija (VM) je sustavan i strukturiran pristup za pobolj\u0161anje projekata, proizvoda i procesa. VM, koji je tako\u0111er poznat kao vrijednosni in\u017eenjering, koristi se za analizu i pobolj\u0161anje instalaterskih procesa, projektiranja i upravljanja MEPRO HVAC &amp; Elektro projekta te poslovnih i administrativnih procesa.[\/vc_column_text][\/vc_accordion_tab][vc_accordion_tab title=&#8221;Inspekcija i za\u0161tita na radu&#8221;][vc_column_text]Redovitim inspekcijama, MEPRO osigurava sigurnost gradili\u0161ta. Mjere za\u0161tite na radu u MEPRU provode rukovode\u0107e osobe i svaki zaposlenik u svom djelokrugu rada.<\/p>\n<p>Shodno tome svi rukovode\u0107i i izvr\u0161ni zaposlenici koji samostalno obavljaju radne zada\u0107e osposobljeni su za rad na siguran na\u010din.<\/p>\n<p>Na taj na\u010din MEPRO smanjenjuje broj nezgoda, profesionalnih bolesti i materijalnih gubitaka nastalih zbog zastoja u radu.[\/vc_column_text][\/vc_accordion_tab][vc_accordion_tab title=&#8221;Upravljanje projektom i vremensko planiranje&#8221;][vc_column_text]Planiranje i upravljanje za cilj imaju predvidjeti budu\u0107nost, a pritom se u obzir moraju uzeti brojne neizvjesnosti i pretpostavke. Kao rezultat toga, mnogi ljudi vjeruju da je dobar projektni plan ili raspored vi\u0161e umjetnost nego znanost.<\/p>\n<p>Stekli smo zavidnu reputaciju za visoku kvalitetu izvedenih radova i in\u017eenjering poslova, a na\u0161e iskustvo u upravljanju projektima koje smo stekli tijekom dugog niza godina u bran\u0161i, stoji Vam na raspolaganju.[\/vc_column_text][\/vc_accordion_tab][\/vc_accordion][\/vc_column][\/vc_row][vc_row background_color=&#8221;#fdc502&#8243; el_class=&#8221;intro5&#8243;][vc_column width=&#8221;3\/4&#8243;][vc_custom_heading text=&#8221;Tra\u017eite rje\u0161enje za instalacije na Va\u0161em projektu?&#8221; font_container=&#8221;tag:h2|font_size:20|text_align:left|color:%23ffffff&#8221; use_theme_fonts=&#8221;yes&#8221;][\/vc_column][vc_column width=&#8221;1\/4&#8243;][vc_btn title=&#8221;ZATRA\u017dITE PONUDU&#8221; style=&#8221;custom&#8221; custom_text=&#8221;#ffffff&#8221; link=&#8221;url:http%3A%2F%2Fmepro.hr%2Fwp%2Findex.php%2Fmepro-naslovna%2Fzatrazi_ponudu%2F||&#8221;][\/vc_column][\/vc_row]<\/p>\n","protected":false},"excerpt":{"rendered":"<p>[vc_row css=&#8221;.vc_custom_1433128525365{margin-top: 0px !important;margin-bottom: 40px !important;}&#8221;][vc_column][vc_separator][\/vc_column][\/vc_row][vc_row css=&#8221;.vc_custom_1433128537128{margin-bottom: 50px !important;}&#8221;][vc_column width=&#8221;1\/2&#8243;][vc_images_carousel images=&#8221;74828,74829,74830&#8243; img_size=&#8221;415&#215;277&#8243; onclick=&#8221;link_no&#8221; speed=&#8221;3500&#8243; autoplay=&#8221;yes&#8221; hide_prev_next_buttons=&#8221;yes&#8221; el_class=&#8221;images-carousel-2&#8243;][vc_empty_space][vc_column_text]Kao glavni izvo\u0111a\u010d, najprije s na\u0161im klijentima stvaramo najvi\u0161u razinu povjerenja i integriteta.[\/vc_column_text][vc_empty_space][\/vc_column][vc_column width=&#8221;1\/2&#8243;][vc_custom_heading text=&#8221;U\u010dinkoviti MEPRO HVAC sistemi &#8221; font_container=&#8221;tag:h2|font_size:20|text_align:left&#8221; use_theme_fonts=&#8221;yes&#8221; el_class=&#8221;heading-title-3&#8243;][vc_column_text]HVAC &#8211; Heating, Ventilating, and Air Conditioning \/ grijanje, ventilacija i klimatizacija. MEPRO na tr\u017ei\u0161tu nudi projektiranje, izvo\u0111enje [&hellip;]<\/p>\n","protected":false},"author":1,"featured_media":0,"parent":59,"menu_order":0,"comment_status":"closed","ping_status":"closed","template":"","meta":{"footnotes":""},"class_list":["post-342","page","type-page","status-publish","hentry"],"_links":{"self":[{"href":"https:\/\/www.mepro.hr\/index.php\/wp-json\/wp\/v2\/pages\/342","targetHints":{"allow":["GET"]}}],"collection":[{"href":"https:\/\/www.mepro.hr\/index.php\/wp-json\/wp\/v2\/pages"}],"about":[{"href":"https:\/\/www.mepro.hr\/index.php\/wp-json\/wp\/v2\/types\/page"}],"author":[{"embeddable":true,"href":"https:\/\/www.mepro.hr\/index.php\/wp-json\/wp\/v2\/users\/1"}],"replies":[{"embeddable":true,"href":"https:\/\/www.mepro.hr\/index.php\/wp-json\/wp\/v2\/comments?post=342"}],"version-history":[{"count":16,"href":"https:\/\/www.mepro.hr\/index.php\/wp-json\/wp\/v2\/pages\/342\/revisions"}],"predecessor-version":[{"id":74827,"href":"https:\/\/www.mepro.hr\/index.php\/wp-json\/wp\/v2\/pages\/342\/revisions\/74827"}],"up":[{"embeddable":true,"href":"https:\/\/www.mepro.hr\/index.php\/wp-json\/wp\/v2\/pages\/59"}],"wp:attachment":[{"href":"https:\/\/www.mepro.hr\/index.php\/wp-json\/wp\/v2\/media?parent=342"}],"curies":[{"name":"wp","href":"https:\/\/api.w.org\/{rel}","templated":true}]}}