{"id":73818,"date":"2015-10-01T09:24:53","date_gmt":"2015-10-01T09:24:53","guid":{"rendered":"http:\/\/structure.thememove.com\/demo\/?page_id=73818"},"modified":"2015-10-29T09:23:27","modified_gmt":"2015-10-29T08:23:27","slug":"nase-vrijednosti","status":"publish","type":"page","link":"https:\/\/www.mepro.hr\/index.php\/mepro-naslovna\/o-nama\/nase-vrijednosti\/","title":{"rendered":"Na\u0161e vrijednosti"},"content":{"rendered":"<p>[vc_row css=&#8221;.vc_custom_1432547512827{margin-bottom: 50px !important;}&#8221;][vc_column width=&#8221;1\/4&#8243;][vc_column_text][vc_widget_sidebar sidebar_id=&#8221;sidebar&#8221;][\/vc_column_text][\/vc_column][vc_column width=&#8221;3\/4&#8243;][vc_custom_heading text=&#8221;RAZLIKE&#8221; font_container=&#8221;tag:h2|text_align:left|color:%23111111&#8243; el_class=&#8221;heading-title-3&#8243;][vc_row_inner css=&#8221;.vc_custom_1432890725332{margin-bottom: 50px !important;}&#8221; el_class=&#8221;big-quote&#8221;][vc_column_inner width=&#8221;1\/2&#8243;][vc_column_text]Sve instalacije mogu biti integrirane radi u\u0161teda i ve\u0107e u\u010dinkovitosti. Zbog toga svaki projekt Mepra te\u017ei istom principu izvrsnosti usluge te kvalitetnom servisu i odr\u017eavanju. Budite sigurni da va\u0161 poslovni ili obiteljski prostor ne\u0107e biti samo ugodniji, ve\u0107 superiorniji, energetski u\u010dinkovit i profitabilan.[\/vc_column_text][\/vc_column_inner][vc_column_inner width=&#8221;1\/2&#8243;][vc_column_text]<strong>Sve instalacije u jednom paketu,<\/strong><br \/>\n<span style=\"color: #800000;\"><strong> jedno integrirano rje\u0161enje!<\/strong><\/span><\/p>\n<p>Energetska u\u010dinkovitost<br \/>\n<span style=\"color: #800000;\">Servis i odr\u017eavanje<\/span><br \/>\nObnovljivi izvori energije[\/vc_column_text][\/vc_column_inner][\/vc_row_inner][vc_custom_heading text=&#8221;NA\u0160E TEMELJNE VRIJEDNOSTI&#8221; font_container=&#8221;tag:h2|text_align:left|color:%23111111&#8243; el_class=&#8221;heading-title-3&#8243;][vc_row_inner el_class=&#8221;core-values&#8221;][vc_column_inner width=&#8221;1\/2&#8243;][vc_column_text css=&#8221;.vc_custom_1446072807467{margin-bottom: 30px !important;}&#8221;]<img decoding=\"async\" src=\"http:\/\/structure.thememove.com\/new\/wp-content\/uploads\/2015\/05\/c1.png\" alt=\"\" \/><\/p>\n<h4>INTEGRITET<\/h4>\n<p>Ljudi i tehnologija su srce na\u0161eg poslovanja. Mi vjerujemo da ljudi pomo\u0107u novih tehnologija bolje upravljaju<br \/>\nsvojim \u017eivotnim prostorom, koje ga \u010dine toplim, zdravijim i sigurnijim.[\/vc_column_text][vc_column_text css=&#8221;.vc_custom_1446072947503{margin-bottom: 30px !important;}&#8221;]<img decoding=\"async\" src=\"http:\/\/structure.thememove.com\/new\/wp-content\/uploads\/2015\/05\/c3.png\" alt=\"\" \/><\/p>\n<h4>UGLED<\/h4>\n<p>Djelujemo s integritetom i marljivo\u0161\u0107u. Na\u0161 ugled kod kvalitetne izvedbe instalacija i opreme je jednako va\u017ean kao i na\u0161 fokus na zvuk poslovne etike.[\/vc_column_text][vc_column_text css=&#8221;.vc_custom_1446074042612{margin-bottom: 30px !important;}&#8221;]<img decoding=\"async\" src=\"http:\/\/structure.thememove.com\/new\/wp-content\/uploads\/2015\/05\/c7.png\" alt=\"\" \/><\/p>\n<h4>Zdravlje<br \/>\nTehnologija<br \/>\nSigurnost<br \/>\nPristupa\u010dnost<\/h4>\n<p>[\/vc_column_text][vc_column_text css=&#8221;.vc_custom_1446073843394{margin-bottom: 30px !important;}&#8221;]<img decoding=\"async\" src=\"http:\/\/structure.thememove.com\/new\/wp-content\/uploads\/2015\/05\/c7.png\" alt=\"\" \/><\/p>\n<h4>Integritet<br \/>\nEtika<br \/>\nVjerodostojnost<br \/>\nPo\u0161tovanje<\/h4>\n<p>[\/vc_column_text][vc_empty_space][\/vc_column_inner][vc_column_inner width=&#8221;1\/2&#8243;][vc_column_text css=&#8221;.vc_custom_1446072892949{margin-bottom: 30px !important;}&#8221;]<img decoding=\"async\" src=\"http:\/\/structure.thememove.com\/new\/wp-content\/uploads\/2015\/05\/c2.png\" alt=\"\" \/><\/p>\n<h4>ORIGINALAN<\/h4>\n<p>Na\u0161u poduzetni\u010dku inicijativu i dalje gura na\u0161 duhu inovacije i inventivnosti, stvaraju\u0107i prilago\u0111ena, relevantna rje\u0161enja i za najzahtjevnija tr\u017ei\u0161ta.[\/vc_column_text][vc_column_text css=&#8221;.vc_custom_1446072993986{margin-bottom: 30px !important;}&#8221;]<img decoding=\"async\" src=\"http:\/\/structure.thememove.com\/new\/wp-content\/uploads\/2015\/05\/c4.png\" alt=\"\" \/><\/p>\n<h4>EKONOMI\u010cAN<\/h4>\n<p>Proaktivno odgovaramo na potrebe na\u0161ih kupaca s prilagodljivo\u0161\u0107u i fleksibilno\u0161\u0107u koja nas \u010dini jedinstvenim i cijenjenim.[\/vc_column_text][vc_column_text css=&#8221;.vc_custom_1446073554329{margin-bottom: 30px !important;}&#8221;]<img decoding=\"async\" src=\"http:\/\/structure.thememove.com\/new\/wp-content\/uploads\/2015\/05\/c6.png\" alt=\"\" \/><\/p>\n<h4>Inovativan<br \/>\nProaktivan<br \/>\nJedinstven<br \/>\nPoduzetan<\/h4>\n<p>[\/vc_column_text][vc_column_text css=&#8221;.vc_custom_1446073616642{margin-bottom: 30px !important;}&#8221;]<img decoding=\"async\" src=\"http:\/\/structure.thememove.com\/new\/wp-content\/uploads\/2015\/05\/c8.png\" alt=\"\" \/><\/p>\n<h4>Fleksibilan<br \/>\nPrilagodljiv<br \/>\nOkretan<br \/>\nOsjetljiv<\/h4>\n<p>[\/vc_column_text][\/vc_column_inner][\/vc_row_inner][\/vc_column][\/vc_row][vc_row el_class=&#8221;intro4 min-box align-center&#8221; full_width=&#8221;stretch_row_content&#8221; css=&#8221;.vc_custom_1432632787666{margin-bottom: 40px !important;background-color: #fdc502 !important;}&#8221;][vc_column width=&#8221;2\/3&#8243;][vc_custom_heading text=&#8221;Tra\u017eite rje\u0161enje za instalacije na Va\u0161em projektu?&#8221; font_container=&#8221;tag:h3|font_size:22|text_align:center|color:%23ffffff&#8221;][\/vc_column][vc_column width=&#8221;1\/3&#8243;][vc_btn title=&#8221;ZATRA\u017dITE PONUDU&#8221; style=&#8221;outline&#8221; shape=&#8221;square&#8221; color=&#8221;white&#8221; link=&#8221;url:http%3A%2F%2Fmepro.hr%2Fwp%2Findex.php%2Fmepro-naslovna%2Fzatrazi_ponudu%2F||&#8221;][\/vc_column][\/vc_row]<\/p>\n","protected":false},"excerpt":{"rendered":"<p>[vc_row css=&#8221;.vc_custom_1432547512827{margin-bottom: 50px !important;}&#8221;][vc_column width=&#8221;1\/4&#8243;][vc_column_text][vc_widget_sidebar sidebar_id=&#8221;sidebar&#8221;][\/vc_column_text][\/vc_column][vc_column width=&#8221;3\/4&#8243;][vc_custom_heading text=&#8221;RAZLIKE&#8221; font_container=&#8221;tag:h2|text_align:left|color:%23111111&#8243; el_class=&#8221;heading-title-3&#8243;][vc_row_inner css=&#8221;.vc_custom_1432890725332{margin-bottom: 50px !important;}&#8221; el_class=&#8221;big-quote&#8221;][vc_column_inner width=&#8221;1\/2&#8243;][vc_column_text]Sve instalacije mogu biti integrirane radi u\u0161teda i ve\u0107e u\u010dinkovitosti. Zbog toga svaki projekt Mepra te\u017ei istom principu izvrsnosti usluge te kvalitetnom servisu i odr\u017eavanju. Budite sigurni da va\u0161 poslovni ili obiteljski prostor ne\u0107e biti samo ugodniji, ve\u0107 superiorniji, energetski u\u010dinkovit [&hellip;]<\/p>\n","protected":false},"author":1,"featured_media":0,"parent":61,"menu_order":0,"comment_status":"closed","ping_status":"closed","template":"","meta":{"footnotes":""},"class_list":["post-73818","page","type-page","status-publish","hentry"],"_links":{"self":[{"href":"https:\/\/www.mepro.hr\/index.php\/wp-json\/wp\/v2\/pages\/73818","targetHints":{"allow":["GET"]}}],"collection":[{"href":"https:\/\/www.mepro.hr\/index.php\/wp-json\/wp\/v2\/pages"}],"about":[{"href":"https:\/\/www.mepro.hr\/index.php\/wp-json\/wp\/v2\/types\/page"}],"author":[{"embeddable":true,"href":"https:\/\/www.mepro.hr\/index.php\/wp-json\/wp\/v2\/users\/1"}],"replies":[{"embeddable":true,"href":"https:\/\/www.mepro.hr\/index.php\/wp-json\/wp\/v2\/comments?post=73818"}],"version-history":[{"count":7,"href":"https:\/\/www.mepro.hr\/index.php\/wp-json\/wp\/v2\/pages\/73818\/revisions"}],"predecessor-version":[{"id":74869,"href":"https:\/\/www.mepro.hr\/index.php\/wp-json\/wp\/v2\/pages\/73818\/revisions\/74869"}],"up":[{"embeddable":true,"href":"https:\/\/www.mepro.hr\/index.php\/wp-json\/wp\/v2\/pages\/61"}],"wp:attachment":[{"href":"https:\/\/www.mepro.hr\/index.php\/wp-json\/wp\/v2\/media?parent=73818"}],"curies":[{"name":"wp","href":"https:\/\/api.w.org\/{rel}","templated":true}]}}