{"id":74148,"date":"2015-10-05T04:25:34","date_gmt":"2015-10-05T04:25:34","guid":{"rendered":"http:\/\/structure.thememove.com\/demo\/?page_id=74148"},"modified":"2021-07-28T18:25:15","modified_gmt":"2021-07-28T16:25:15","slug":"kontakt-mepro","status":"publish","type":"page","link":"https:\/\/www.mepro.hr\/index.php\/mepro-naslovna\/kontakt-mepro\/","title":{"rendered":"Kontakt MEPRO"},"content":{"rendered":"<p>[vc_row background_image=&#8221;http:\/\/structure.thememove.com\/01\/data\/images\/contact-us_bg.png&#8221; css=&#8221;.vc_custom_1433415637271{margin-bottom: 30px !important;border-bottom-width: 50px !important;}&#8221; el_class=&#8221;agency&#8221;][vc_column][vc_row_inner css=&#8221;.vc_custom_1433413977657{margin-bottom: 40px !important;}&#8221;][vc_column_inner width=&#8221;1\/3&#8243;][vc_custom_heading text=&#8221;MEPRO HRVATSKA&#8221; font_container=&#8221;tag:h2|font_size:20|text_align:left&#8221; el_class=&#8221;heading-title-3&#8243;][vc_column_text]<\/p>\n<div class=\"contact-info\">\n<p><strong>MEPRO d.o.o. Vara\u017edin (Sjedi\u0161te)<\/strong><\/p>\n<p>Ku\u0107anska 15, HR-42 000 Vara\u017edin, Hrvatska.<\/p>\n<p>Tel: +385 (0)42 324 112<\/p>\n<p>info@mepro.hr<\/p>\n<p>Fax: +385 (0)42 324 114<\/p>\n<p>Pon &#8211; Pet: 7:30 &#8211; 15:30<\/p>\n<\/div>\n<p>[\/vc_column_text][\/vc_column_inner][vc_column_inner width=&#8221;1\/3&#8243;][vc_custom_heading text=&#8221;MEPRO SRBIJA&#8221; font_container=&#8221;tag:h2|font_size:20|text_align:left&#8221; el_class=&#8221;heading-title-3&#8243;][vc_column_text]<\/p>\n<div class=\"contact-info\">\n<p><strong>MEPRO International d.o.o.<br \/>\n<\/strong><\/p>\n<p>Bulevar Arsenija \u010carnojevi\u0107a 140\/16, 11070 Beograd &#8211; Novi Beograd, SRBIJA<\/p>\n<p>+381 (0)11 212 33 85<\/p>\n<p>office@mepro-international.rs<\/p>\n<p>+381 (0)11 212 33 85<\/p>\n<p>Pon &#8211; Pet: 8:00 &#8211; 16:00<\/p>\n<\/div>\n<p>[\/vc_column_text][\/vc_column_inner][\/vc_row_inner][\/vc_column][\/vc_row][vc_row type=&#8221;full_width&#8221; css=&#8221;.vc_custom_1433478357377{margin-bottom: 80px !important;}&#8221;][vc_column][thememove_gmaps address=&#8221;Kucanska 15, Vara\u017edin, Croatia&#8221; map_height=&#8221;500&#8243; zoom=&#8221;8&#8243; map_style=&#8221;style5&#8243; el_class=&#8221;a&#8221; marker_icon=&#8221;74666&#8243;][\/thememove_gmaps][\/vc_column][\/vc_row][vc_row][vc_column width=&#8221;3\/4&#8243;][vc_custom_heading text=&#8221;ISPUNITE KONTAKT OBRAZAC&#8221; font_container=&#8221;tag:h2|font_size:20|text_align:left&#8221; el_class=&#8221;heading-title-3&#8243;][vc_column_text]Po\u0161aljite nam upit, zatra\u017eite ponudu za Va\u0161 projekt. Rado \u0107emo Vam se pridru\u017eiti u Va\u0161em projektu.[\/vc_column_text][vc_empty_space height=&#8221;30&#8243;]\n<div class=\"wpcf7 no-js\" id=\"wpcf7-f584-o1\" lang=\"en-US\" dir=\"ltr\" data-wpcf7-id=\"584\">\n<div class=\"screen-reader-response\"><p role=\"status\" aria-live=\"polite\" aria-atomic=\"true\"><\/p> <ul><\/ul><\/div>\n<form action=\"\/index.php\/wp-json\/wp\/v2\/pages\/74148#wpcf7-f584-o1\" method=\"post\" class=\"wpcf7-form init\" aria-label=\"Contact form\" novalidate=\"novalidate\" data-status=\"init\">\n<fieldset class=\"hidden-fields-container\"><input type=\"hidden\" name=\"_wpcf7\" value=\"584\" \/><input type=\"hidden\" name=\"_wpcf7_version\" value=\"6.1.2\" \/><input type=\"hidden\" name=\"_wpcf7_locale\" value=\"en_US\" \/><input type=\"hidden\" name=\"_wpcf7_unit_tag\" value=\"wpcf7-f584-o1\" \/><input type=\"hidden\" name=\"_wpcf7_container_post\" value=\"0\" \/><input type=\"hidden\" name=\"_wpcf7_posted_data_hash\" value=\"\" \/>\n<\/fieldset>\n<div class=\"row\">\n\t<div class=\"col-md-6\">\n\t\t<p><span class=\"wpcf7-form-control-wrap\" data-name=\"your-name\"><input size=\"40\" maxlength=\"400\" class=\"wpcf7-form-control wpcf7-text wpcf7-validates-as-required\" aria-required=\"true\" aria-invalid=\"false\" placeholder=\"Va\u0161e ime\" value=\"\" type=\"text\" name=\"your-name\" \/><\/span>\n\t\t<\/p>\n\t<\/div>\n\t<div class=\"col-md-6\">\n\t\t<p><span class=\"wpcf7-form-control-wrap\" data-name=\"your-email\"><input size=\"40\" maxlength=\"400\" class=\"wpcf7-form-control wpcf7-email wpcf7-validates-as-required wpcf7-text wpcf7-validates-as-email\" aria-required=\"true\" aria-invalid=\"false\" placeholder=\"Va\u0161 mail\" value=\"\" type=\"email\" name=\"your-email\" \/><\/span>\n\t\t<\/p>\n\t<\/div>\n\t<div class=\"col-md-12\">\n\t\t<p><span class=\"wpcf7-form-control-wrap\" data-name=\"your-subject\"><input size=\"40\" maxlength=\"400\" class=\"wpcf7-form-control wpcf7-text\" aria-invalid=\"false\" placeholder=\"Predmet\" value=\"\" type=\"text\" name=\"your-subject\" \/><\/span>\n\t\t<\/p>\n\t<\/div>\n\t<div class=\"col-md-12\">\n\t\t<p><span class=\"wpcf7-form-control-wrap\" data-name=\"your-message\"><textarea cols=\"40\" rows=\"10\" maxlength=\"2000\" class=\"wpcf7-form-control wpcf7-textarea\" aria-invalid=\"false\" placeholder=\"Va\u0161a poruka\" name=\"your-message\"><\/textarea><\/span>\n\t\t<\/p>\n\t<\/div>\n\t<div class=\"col-md-12\">\n\t\t<p><input class=\"wpcf7-form-control wpcf7-submit has-spinner\" type=\"submit\" value=\"Po\u0161alji\" \/>\n\t\t<\/p>\n\t<\/div>\n<\/div><div class=\"wpcf7-response-output\" aria-hidden=\"true\"><\/div>\n<\/form>\n<\/div>\n[\/vc_column][vc_column width=&#8221;1\/4&#8243;][vc_row_inner css=&#8221;.vc_custom_1433416441863{margin-bottom: 0px !important;padding-top: 110px !important;}&#8221; el_class=&#8221;call-us align-center&#8221;][vc_column_inner][vc_column_text]<a href=\"http:\/\/www.mepro.hr\/wp-content\/uploads\/2015\/10\/nazovi-mepro.jpg\"><img loading=\"lazy\" decoding=\"async\" class=\"alignnone size-full wp-image-74688\" src=\"http:\/\/www.mepro.hr\/wp-content\/uploads\/2015\/10\/nazovi-mepro.jpg\" alt=\"nazovi-mepro\" width=\"270\" height=\"276\" \/><\/a>[\/vc_column_text][vc_custom_heading text=&#8221;PITANJE? &#8221; font_container=&#8221;tag:h4|font_size:16|text_align:center&#8221;][vc_column_text]+385 (0)42 324 112[\/vc_column_text][\/vc_column_inner][\/vc_row_inner][\/vc_column][\/vc_row]<\/p>\n","protected":false},"excerpt":{"rendered":"<p>[vc_row background_image=&#8221;http:\/\/structure.thememove.com\/01\/data\/images\/contact-us_bg.png&#8221; css=&#8221;.vc_custom_1433415637271{margin-bottom: 30px !important;border-bottom-width: 50px !important;}&#8221; el_class=&#8221;agency&#8221;][vc_column][vc_row_inner css=&#8221;.vc_custom_1433413977657{margin-bottom: 40px !important;}&#8221;][vc_column_inner width=&#8221;1\/3&#8243;][vc_custom_heading text=&#8221;MEPRO HRVATSKA&#8221; font_container=&#8221;tag:h2|font_size:20|text_align:left&#8221; el_class=&#8221;heading-title-3&#8243;][vc_column_text] MEPRO d.o.o. Vara\u017edin (Sjedi\u0161te) Ku\u0107anska 15, HR-42 000 Vara\u017edin, Hrvatska. Tel: +385 (0)42 324 112 info@mepro.hr Fax: +385 (0)42 324 114 Pon &#8211; Pet: 7:30 &#8211; 15:30 [\/vc_column_text][\/vc_column_inner][vc_column_inner width=&#8221;1\/3&#8243;][vc_custom_heading text=&#8221;MEPRO SRBIJA&#8221; font_container=&#8221;tag:h2|font_size:20|text_align:left&#8221; el_class=&#8221;heading-title-3&#8243;][vc_column_text] MEPRO International d.o.o. Bulevar Arsenija \u010carnojevi\u0107a [&hellip;]<\/p>\n","protected":false},"author":1,"featured_media":0,"parent":73832,"menu_order":0,"comment_status":"closed","ping_status":"closed","template":"","meta":{"footnotes":""},"class_list":["post-74148","page","type-page","status-publish","hentry"],"_links":{"self":[{"href":"https:\/\/www.mepro.hr\/index.php\/wp-json\/wp\/v2\/pages\/74148","targetHints":{"allow":["GET"]}}],"collection":[{"href":"https:\/\/www.mepro.hr\/index.php\/wp-json\/wp\/v2\/pages"}],"about":[{"href":"https:\/\/www.mepro.hr\/index.php\/wp-json\/wp\/v2\/types\/page"}],"author":[{"embeddable":true,"href":"https:\/\/www.mepro.hr\/index.php\/wp-json\/wp\/v2\/users\/1"}],"replies":[{"embeddable":true,"href":"https:\/\/www.mepro.hr\/index.php\/wp-json\/wp\/v2\/comments?post=74148"}],"version-history":[{"count":16,"href":"https:\/\/www.mepro.hr\/index.php\/wp-json\/wp\/v2\/pages\/74148\/revisions"}],"predecessor-version":[{"id":75116,"href":"https:\/\/www.mepro.hr\/index.php\/wp-json\/wp\/v2\/pages\/74148\/revisions\/75116"}],"up":[{"embeddable":true,"href":"https:\/\/www.mepro.hr\/index.php\/wp-json\/wp\/v2\/pages\/73832"}],"wp:attachment":[{"href":"https:\/\/www.mepro.hr\/index.php\/wp-json\/wp\/v2\/media?parent=74148"}],"curies":[{"name":"wp","href":"https:\/\/api.w.org\/{rel}","templated":true}]}}