{"id":74460,"date":"2015-06-09T09:16:04","date_gmt":"2015-06-09T09:16:04","guid":{"rendered":"http:\/\/structure.thememove.com\/demo\/?page_id=74453"},"modified":"2015-10-30T11:20:40","modified_gmt":"2015-10-30T10:20:40","slug":"karijera","status":"publish","type":"page","link":"https:\/\/www.mepro.hr\/index.php\/mepro-naslovna\/o-nama\/karijera\/","title":{"rendered":"Karijera"},"content":{"rendered":"<p>[vc_row css=&#8221;.vc_custom_1432547512827{margin-bottom: 50px !important;}&#8221;][vc_column width=&#8221;1\/4&#8243;][vc_widget_sidebar sidebar_id=&#8221;sidebar&#8221;][\/vc_column][vc_column width=&#8221;3\/4&#8243;][vc_custom_heading text=&#8221;POGODNOSTI I NAGRADE&#8221; el_class=&#8221;heading-title-3&#8243; css=&#8221;.vc_custom_1446074578587{margin-bottom: 20px !important;}&#8221;][vc_accordion][vc_accordion_tab title=&#8221;Korporativno zdravlje i Wellness&#8221;][vc_column_text]<\/p>\n<div id=\"gt-src-c\" class=\"g-unit\">\n<div id=\"gt-src-p\">\n<div id=\"gt-src-wrap\" class=\"\">\n<div dir=\"ltr\">\n<div class=\"gt-hl-layer\" dir=\"ltr\"><span id=\"result_box\" class=\"\" lang=\"hr\"><span class=\"hps\">Nemojte<\/span> <span class=\"hps\">se ustru\u010davati da nas<\/span> <span class=\"hps\">kontaktirate<\/span> <span class=\"hps\">ako imate<\/span> <span class=\"hps\">bilo kakvo pitanje<\/span> <span class=\"hps\">ili<\/span> <span class=\"hps\">zabrinutost<\/span>. <span class=\"hps\">Mi smo<\/span> <span class=\"hps\">ovdje da vam pomognemo<\/span> <span class=\"hps\">i<\/span> <span class=\"hps\">rado \u0107emo<\/span> <span class=\"hps\">rije\u0161iti<\/span> <span class=\"hps\">svaki<\/span> <span class=\"hps\">va\u0161<\/span> <span class=\"hps\">problem<\/span><span class=\"\">.<\/span> <span class=\"hps\">Slobodno<\/span> <span class=\"hps\">do nas<\/span> <span class=\"hps\">u bilo koje vrijeme<\/span>. <span class=\"hps\">Mi \u0107emo<\/span> <span class=\"hps\">Vam se javiti<\/span> <span class=\"hps\">u najkra\u0107em mogu\u0107em roku.<\/span><\/span><\/div>\n<\/div>\n<\/div>\n<\/div>\n<\/div>\n<p>[\/vc_column_text][\/vc_accordion_tab][vc_accordion_tab title=&#8221;Na\u0161a tvrtka &#8211; pla\u0107ene pogodnosti&#8221;][vc_column_text]Mentoriranje i individualni programi u\u010denja, pla\u0107eni godi\u0161nji odmor,[\/vc_column_text][\/vc_accordion_tab][vc_accordion_tab title=&#8221;Zaposlenik \/ volonter &#8211; pla\u0107ene pogodnosti&#8221;][vc_column_text]Pla\u0107ena prehrana i tro\u0161kovi prijevoza.[\/vc_column_text][\/vc_accordion_tab][\/vc_accordion][vc_empty_space][vc_custom_heading text=&#8221;OTVORENA RADNA MJESTA&#8221; el_class=&#8221;heading-title-3&#8243; css=&#8221;.vc_custom_1446075867684{margin-bottom: 20px !important;}&#8221;][vc_column_text]<div class=\"job_listings\" data-location=\"\" data-keywords=\"\" data-show_filters=\"true\" data-show_pagination=\"false\" data-per_page=\"10\" data-orderby=\"featured\" data-order=\"DESC\" data-categories=\"\" data-disable-form-state-storage=\"\" data-featured_first=\"false\" data-post_id=\"74460\" >\n<form class=\"job_filters\">\n\t\n\t<div class=\"search_jobs\">\n\t\t\n\t\t<div class=\"search_keywords\">\n\t\t\t<label for=\"search_keywords\">Keywords<\/label>\n\t\t\t<input type=\"text\" name=\"search_keywords\" id=\"search_keywords\" placeholder=\"Keywords\" value=\"\" \/>\n\t\t<\/div>\n\n\t\t<div class=\"search_location\">\n\t\t\t<label for=\"search_location\">Location<\/label>\n\t\t\t<input type=\"text\" name=\"search_location\" id=\"search_location\" placeholder=\"Location\" value=\"\" \/>\n\t\t<\/div>\n\n\t\t\t\t\t<div class=\"search_remote_position\">\n\t\t\t\t<input type=\"checkbox\" class=\"input-checkbox\" name=\"remote_position\" id=\"remote_position\" placeholder=\"Location\" value=\"1\"  \/>\n\t\t\t\t<label for=\"remote_position\" id=\"remote_position_label\">Remote positions only<\/label>\n\t\t\t<\/div>\n\t\t\n\t\t<div style=\"clear: both\"><\/div>\n\n\t\t\n\t\t\t\t\t<div class=\"search_submit\">\n\t\t\t\t<input type=\"submit\" value=\"Search Jobs\">\n\t\t\t<\/div>\n\t\t\n\t\t\t<\/div>\n\n\t\t<ul class=\"job_types\">\n\t\t\t\t\t<li><label for=\"job_type_honorarno\" class=\"honorarno\"><input type=\"checkbox\" name=\"filter_job_type[]\" value=\"honorarno\"  checked='checked' id=\"job_type_honorarno\" \/> Honorarno<\/label><\/li>\n\t\t\t\t\t<li><label for=\"job_type_pola-vremena\" class=\"pola-radnog-vremena\"><input type=\"checkbox\" name=\"filter_job_type[]\" value=\"pola-vremena\"  checked='checked' id=\"job_type_pola-vremena\" \/> Pola radnog vremena<\/label><\/li>\n\t\t\t\t\t<li><label for=\"job_type_privremeno\" class=\"privremeno\"><input type=\"checkbox\" name=\"filter_job_type[]\" value=\"privremeno\"  checked='checked' id=\"job_type_privremeno\" \/> Privremeno<\/label><\/li>\n\t\t\t\t\t<li><label for=\"job_type_full-time\" class=\"puno-radno-vrijeme\"><input type=\"checkbox\" name=\"filter_job_type[]\" value=\"full-time\"  checked='checked' id=\"job_type_full-time\" \/> Puno radno vrijeme<\/label><\/li>\n\t\t\t\t\t<li><label for=\"job_type_staziranje\" class=\"staziranje\"><input type=\"checkbox\" name=\"filter_job_type[]\" value=\"staziranje\"  checked='checked' id=\"job_type_staziranje\" \/> Sta\u017eiranje<\/label><\/li>\n\t\t\t<\/ul>\n\t<input type=\"hidden\" name=\"filter_job_type[]\" value=\"\" \/>\n<div class=\"showing_jobs\"><\/div><\/form>\n\n\n<noscript>Your browser does not support JavaScript, or it is disabled. JavaScript must be enabled in order to view listings.<\/noscript>\n<ul class=\"job_listings\">\n<\/ul>\n<a class=\"load_more_jobs\" href=\"#\" style=\"display:none;\"><strong>Load more listings<\/strong><\/a><\/div>[\/vc_column_text][\/vc_column][\/vc_row][vc_row background_color=&#8221;#b71d1d&#8221; el_class=&#8221;intro4 min-box align-center&#8221; full_width=&#8221;stretch_row_content&#8221; css=&#8221;.vc_custom_1446200249807{margin-bottom: 70px !important;background-color: #b71d1d !important;}&#8221;][vc_column width=&#8221;2\/3&#8243;][vc_custom_heading text=&#8221;Tra\u017eite rje\u0161enje za instalacije na Va\u0161em projektu?&#8221; font_container=&#8221;tag:h3|font_size:22|text_align:center|color:%23ffffff&#8221;][\/vc_column][vc_column width=&#8221;1\/3&#8243;][vc_btn title=&#8221;ZATRA\u017dITE PONUDU&#8221; style=&#8221;outline&#8221; shape=&#8221;square&#8221; color=&#8221;white&#8221; link=&#8221;url:http%3A%2F%2Fmepro.hr%2Findex.php%2Fmepro-naslovna%2Fzatrazi_ponudu%2F||&#8221;][\/vc_column][\/vc_row]<\/p>\n","protected":false},"excerpt":{"rendered":"<p>[vc_row css=&#8221;.vc_custom_1432547512827{margin-bottom: 50px !important;}&#8221;][vc_column width=&#8221;1\/4&#8243;][vc_widget_sidebar sidebar_id=&#8221;sidebar&#8221;][\/vc_column][vc_column width=&#8221;3\/4&#8243;][vc_custom_heading text=&#8221;POGODNOSTI I NAGRADE&#8221; el_class=&#8221;heading-title-3&#8243; css=&#8221;.vc_custom_1446074578587{margin-bottom: 20px !important;}&#8221;][vc_accordion][vc_accordion_tab title=&#8221;Korporativno zdravlje i Wellness&#8221;][vc_column_text] Nemojte se ustru\u010davati da nas kontaktirate ako imate bilo kakvo pitanje ili zabrinutost. Mi smo ovdje da vam pomognemo i rado \u0107emo rije\u0161iti svaki va\u0161 problem. Slobodno do nas u bilo koje vrijeme. Mi \u0107emo Vam se [&hellip;]<\/p>\n","protected":false},"author":1,"featured_media":0,"parent":61,"menu_order":0,"comment_status":"closed","ping_status":"closed","template":"","meta":{"footnotes":""},"class_list":["post-74460","page","type-page","status-publish","hentry"],"_links":{"self":[{"href":"https:\/\/www.mepro.hr\/index.php\/wp-json\/wp\/v2\/pages\/74460","targetHints":{"allow":["GET"]}}],"collection":[{"href":"https:\/\/www.mepro.hr\/index.php\/wp-json\/wp\/v2\/pages"}],"about":[{"href":"https:\/\/www.mepro.hr\/index.php\/wp-json\/wp\/v2\/types\/page"}],"author":[{"embeddable":true,"href":"https:\/\/www.mepro.hr\/index.php\/wp-json\/wp\/v2\/users\/1"}],"replies":[{"embeddable":true,"href":"https:\/\/www.mepro.hr\/index.php\/wp-json\/wp\/v2\/comments?post=74460"}],"version-history":[{"count":7,"href":"https:\/\/www.mepro.hr\/index.php\/wp-json\/wp\/v2\/pages\/74460\/revisions"}],"predecessor-version":[{"id":74959,"href":"https:\/\/www.mepro.hr\/index.php\/wp-json\/wp\/v2\/pages\/74460\/revisions\/74959"}],"up":[{"embeddable":true,"href":"https:\/\/www.mepro.hr\/index.php\/wp-json\/wp\/v2\/pages\/61"}],"wp:attachment":[{"href":"https:\/\/www.mepro.hr\/index.php\/wp-json\/wp\/v2\/media?parent=74460"}],"curies":[{"name":"wp","href":"https:\/\/api.w.org\/{rel}","templated":true}]}}