{"id":74638,"date":"2015-10-12T07:29:48","date_gmt":"2015-10-12T07:29:48","guid":{"rendered":"http:\/\/www.mepro.hr\/?page_id=74638"},"modified":"2015-10-30T10:55:54","modified_gmt":"2015-10-30T09:55:54","slug":"vodovodne-instalacije","status":"publish","type":"page","link":"https:\/\/www.mepro.hr\/index.php\/usluge\/vodovodne-instalacije\/","title":{"rendered":"Vodovodne instalacije"},"content":{"rendered":"<p>[vc_row full_width=&#8221;&#8221;][vc_column width=&#8221;1\/2&#8243;][vc_images_carousel images=&#8221;74881,74880,74882&#8243; img_size=&#8221;415&#215;277&#8243; autoplay=&#8221;yes&#8221; hide_prev_next_buttons=&#8221;yes&#8221; wrap=&#8221;yes&#8221; el_class=&#8221;images-carousel-2&#8243;][vc_empty_space][vc_column_text]Mepro izvodi sve <strong>vodovodne instalacije <\/strong>\u00a0sa vrhunskim materijalima koji su provjereni za zdravlje na brojnim objektima koje smo zavr\u0161ili.<\/p>\n<p>Mepro izvodi sve sisteme vodoopskrbe, instalacije unutarnjeg vodovoda i kanalizacije, monta\u017ea sanitarne opreme, vanjskih vodovoda i kanalizacije.[\/vc_column_text][vc_separator color=&#8221;grey&#8221; style=&#8221;&#8221; el_width=&#8221;&#8221;][\/vc_column][vc_column width=&#8221;1\/2&#8243;][vc_custom_heading text=&#8221;Vodovod &#8211; instalaterski radovi&#8221;][vc_column_text]MEPRO osim vodovodnih instalacija izvodi i instalacije:<\/p>\n<ul class=\"listing\">\n<li><i class=\"fa fa-check\"><\/i>Odvodnje<\/li>\n<li><i class=\"fa fa-check\"><\/i>Kanalizacije<\/li>\n<li><i class=\"fa fa-check\"><\/i>Pro\u010di\u0161\u0107avanje voda<\/li>\n<li><i class=\"fa fa-check\"><\/i>Hidrante<\/li>\n<li><i class=\"fa fa-check\"><\/i>Drena\u017ee<\/li>\n<li><i class=\"fa fa-check\"><\/i>Cijevnu i strojnu nfrastrukturu<\/li>\n<\/ul>\n<p>[\/vc_column_text][\/vc_column][\/vc_row][vc_row][vc_column][vc_empty_space][\/vc_column][\/vc_row][vc_row background_color=&#8221;#b71d1d&#8221; el_class=&#8221;intro5&#8243;][vc_column width=&#8221;3\/4&#8243;][vc_custom_heading text=&#8221;Tra\u017eite rje\u0161enje za instalacije na Va\u0161em projektu?&#8221; font_container=&#8221;tag:h2|font_size:20|text_align:left|color:%23ffffff&#8221; use_theme_fonts=&#8221;yes&#8221;][\/vc_column][vc_column width=&#8221;1\/4&#8243;][vc_btn title=&#8221;ZATRA\u017dITE PONUDU&#8221; style=&#8221;custom&#8221; custom_text=&#8221;#ffffff&#8221; link=&#8221;url:http%3A%2F%2Fmepro.hr%2Fwp%2Findex.php%2Fmepro-naslovna%2Fzatrazi_ponudu%2F||&#8221;][\/vc_column][\/vc_row]<\/p>\n","protected":false},"excerpt":{"rendered":"<p>[vc_row full_width=&#8221;&#8221;][vc_column width=&#8221;1\/2&#8243;][vc_images_carousel images=&#8221;74881,74880,74882&#8243; img_size=&#8221;415&#215;277&#8243; autoplay=&#8221;yes&#8221; hide_prev_next_buttons=&#8221;yes&#8221; wrap=&#8221;yes&#8221; el_class=&#8221;images-carousel-2&#8243;][vc_empty_space][vc_column_text]Mepro izvodi sve vodovodne instalacije \u00a0sa vrhunskim materijalima koji su provjereni za zdravlje na brojnim objektima koje smo zavr\u0161ili. Mepro izvodi sve sisteme vodoopskrbe, instalacije unutarnjeg vodovoda i kanalizacije, monta\u017ea sanitarne opreme, vanjskih vodovoda i kanalizacije.[\/vc_column_text][vc_separator color=&#8221;grey&#8221; style=&#8221;&#8221; el_width=&#8221;&#8221;][\/vc_column][vc_column width=&#8221;1\/2&#8243;][vc_custom_heading text=&#8221;Vodovod &#8211; instalaterski radovi&#8221;][vc_column_text]MEPRO osim vodovodnih instalacija [&hellip;]<\/p>\n","protected":false},"author":1,"featured_media":0,"parent":59,"menu_order":0,"comment_status":"closed","ping_status":"closed","template":"","meta":{"footnotes":""},"class_list":["post-74638","page","type-page","status-publish","hentry"],"_links":{"self":[{"href":"https:\/\/www.mepro.hr\/index.php\/wp-json\/wp\/v2\/pages\/74638","targetHints":{"allow":["GET"]}}],"collection":[{"href":"https:\/\/www.mepro.hr\/index.php\/wp-json\/wp\/v2\/pages"}],"about":[{"href":"https:\/\/www.mepro.hr\/index.php\/wp-json\/wp\/v2\/types\/page"}],"author":[{"embeddable":true,"href":"https:\/\/www.mepro.hr\/index.php\/wp-json\/wp\/v2\/users\/1"}],"replies":[{"embeddable":true,"href":"https:\/\/www.mepro.hr\/index.php\/wp-json\/wp\/v2\/comments?post=74638"}],"version-history":[{"count":11,"href":"https:\/\/www.mepro.hr\/index.php\/wp-json\/wp\/v2\/pages\/74638\/revisions"}],"predecessor-version":[{"id":74942,"href":"https:\/\/www.mepro.hr\/index.php\/wp-json\/wp\/v2\/pages\/74638\/revisions\/74942"}],"up":[{"embeddable":true,"href":"https:\/\/www.mepro.hr\/index.php\/wp-json\/wp\/v2\/pages\/59"}],"wp:attachment":[{"href":"https:\/\/www.mepro.hr\/index.php\/wp-json\/wp\/v2\/media?parent=74638"}],"curies":[{"name":"wp","href":"https:\/\/api.w.org\/{rel}","templated":true}]}}